{"id":738,"date":"2025-12-27T14:41:59","date_gmt":"2025-12-27T14:41:59","guid":{"rendered":"https:\/\/slateblue-salmon-923317.hostingersite.com\/?page_id=738"},"modified":"2026-01-31T00:02:45","modified_gmt":"2026-01-31T00:02:45","slug":"privatlivspolitik","status":"publish","type":"page","link":"https:\/\/igiptv.live\/da\/privatlivspolitik\/","title":{"rendered":"Politik for beskyttelse af personlige oplysninger"},"content":{"rendered":"<style>.elementor-738 .elementor-element.elementor-element-f422dcd{--display:flex;}.elementor-738 .elementor-element.elementor-element-fa83c82{text-align:center;margin:212px 0px calc(var(--kit-widget-spacing, 0px) + 0px) 0px;}.elementor-738 .elementor-element.elementor-element-1cd2bbd{--display:flex;}.elementor-738 .elementor-element.elementor-element-32d4a85{margin:45px 0px calc(var(--kit-widget-spacing, 0px) + 0px) 0px;}<\/style>\t\t<div data-elementor-type=\"wp-page\" data-elementor-id=\"738\" class=\"elementor elementor-738\">\n\t\t\t\t<div class=\"elementor-element elementor-element-f422dcd e-flex e-con-boxed e-con e-parent\" data-id=\"f422dcd\" data-element_type=\"container\" data-e-type=\"container\">\n\t\t\t\t\t<div class=\"e-con-inner\">\n\t\t\t\t<div class=\"elementor-element elementor-element-fa83c82 elementor-widget elementor-widget-heading\" data-id=\"fa83c82\" data-element_type=\"widget\" data-e-type=\"widget\" data-widget_type=\"heading.default\">\n\t\t\t\t\t<h2 class=\"elementor-heading-title elementor-size-default\">Politik for beskyttelse af personlige oplysninger<\/h2>\t\t\t\t<\/div>\n\t\t\t\t\t<\/div>\n\t\t\t\t<\/div>\n\t\t<div class=\"elementor-element elementor-element-1cd2bbd e-flex e-con-boxed e-con e-parent\" data-id=\"1cd2bbd\" data-element_type=\"container\" data-e-type=\"container\">\n\t\t\t\t\t<div class=\"e-con-inner\">\n\t\t\t\t<div class=\"elementor-element elementor-element-32d4a85 elementor-widget elementor-widget-text-editor\" data-id=\"32d4a85\" data-element_type=\"widget\" data-e-type=\"widget\" data-widget_type=\"text-editor.default\">\n\t\t\t\t\t\t\t\t\t<p class=\"\" data-start=\"267\" data-end=\"505\">Velkommen til <b><strong>IGIPTV<\/strong>\u00a0<\/b>, Vi v\u00e6rds\u00e6tter dit privatliv og er forpligtet til at beskytte dine personlige oplysninger. Denne privatlivspolitik forklarer, hvordan vi indsamler, bruger og beskytter dine data, n\u00e5r du bes\u00f8ger vores hjemmeside og bruger vores tjenester.<\/p><hr class=\"\" data-start=\"507\" data-end=\"510\" \/><h3 class=\"\" data-start=\"512\" data-end=\"545\"><strong data-start=\"516\" data-end=\"545\">1. Oplysninger, vi indsamler<\/strong><\/h3><p class=\"\" data-start=\"547\" data-end=\"588\">Vi kan indsamle f\u00f8lgende oplysninger:<\/p><ul data-start=\"590\" data-end=\"842\"><li class=\"\" data-start=\"590\" data-end=\"691\"><p class=\"\" data-start=\"592\" data-end=\"691\"><strong data-start=\"592\" data-end=\"616\">Personlig information<\/strong>: Navn, e-mailadresse, betalingsoplysninger (via sikre tredjeparts-processorer).<\/p><\/li><li class=\"\" data-start=\"692\" data-end=\"759\"><p class=\"\" data-start=\"694\" data-end=\"759\"><strong data-start=\"694\" data-end=\"712\">Tekniske data<\/strong>: IP-adresse<\/p><\/li><li class=\"\" data-start=\"760\" data-end=\"842\"><p class=\"\" data-start=\"762\" data-end=\"842\"><strong data-start=\"762\" data-end=\"776\">Brugsdata<\/strong>: Bes\u00f8gte sider, tidsforbrug, klik og interaktioner p\u00e5 vores websted.<\/p><\/li><\/ul><hr class=\"\" data-start=\"844\" data-end=\"847\" \/><h3 class=\"\" data-start=\"849\" data-end=\"887\"><strong data-start=\"853\" data-end=\"887\">2. Hvordan vi bruger dine oplysninger<\/strong><\/h3><p class=\"\" data-start=\"889\" data-end=\"909\">Vi bruger dine data til:<\/p><ul data-start=\"911\" data-end=\"1109\"><li class=\"\" data-start=\"911\" data-end=\"951\"><p class=\"\" data-start=\"913\" data-end=\"951\">Tilvejebringe og administrere abonnementer.<\/p><\/li><li class=\"\" data-start=\"952\" data-end=\"1020\"><p class=\"\" data-start=\"954\" data-end=\"1020\">Send konto-relaterede e-mails (f.eks. login-info, fakturaer, support).<\/p><\/li><li class=\"\" data-start=\"1021\" data-end=\"1064\"><p class=\"\" data-start=\"1023\" data-end=\"1064\">Forbedre vores tjenester og hjemmesideoplevelse.<\/p><\/li><li class=\"\" data-start=\"1065\" data-end=\"1109\"><p class=\"\" data-start=\"1067\" data-end=\"1109\">Svar p\u00e5 foresp\u00f8rgsler og supportanmodninger.<\/p><\/li><\/ul><p class=\"\" data-start=\"1111\" data-end=\"1207\">Vi\u00a0<strong data-start=\"1114\" data-end=\"1129\">S\u00e6lg ikke<\/strong>\u00a0eller dele dine personlige oplysninger med tredjeparter til markedsf\u00f8ringsform\u00e5l.<\/p><hr class=\"\" data-start=\"1209\" data-end=\"1212\" \/><h3 class=\"\" data-start=\"1214\" data-end=\"1243\"><strong data-start=\"1218\" data-end=\"1243\">3. Behandling af betalinger<\/strong><\/h3><p class=\"\" data-start=\"1245\" data-end=\"1420\">Alle betalinger behandles sikkert via p\u00e5lidelige tredjepartsudbydere (f.eks. PayPal, Stripe, kryptotjenester). Det g\u00f8r vi\u00a0<strong data-start=\"1362\" data-end=\"1404\">ikke gemme nogen betalingskortoplysninger<\/strong>\u00a0p\u00e5 vores servere.<\/p><hr class=\"\" data-start=\"1422\" data-end=\"1425\" \/><h3 class=\"\" data-start=\"1427\" data-end=\"1471\"><strong data-start=\"1431\" data-end=\"1471\">4. Cookies og sporingsteknologier<\/strong><\/h3><p class=\"\" data-start=\"1473\" data-end=\"1491\">Vi bruger cookies til:<\/p><ul data-start=\"1493\" data-end=\"1585\"><li class=\"\" data-start=\"1493\" data-end=\"1524\"><p class=\"\" data-start=\"1495\" data-end=\"1524\">Aktiv\u00e9r hjemmesidens funktionalitet.<\/p><\/li><li class=\"\" data-start=\"1525\" data-end=\"1553\"><p class=\"\" data-start=\"1527\" data-end=\"1553\">Husk dine pr\u00e6ferencer.<\/p><\/li><li class=\"\" data-start=\"1554\" data-end=\"1585\"><p class=\"\" data-start=\"1556\" data-end=\"1585\">Spor og analys\u00e9r brugen af webstedet.<\/p><\/li><\/ul><p class=\"\" data-start=\"1587\" data-end=\"1664\">Du kan til enhver tid kontrollere eller deaktivere cookies via dine browserindstillinger.<\/p><hr class=\"\" data-start=\"1666\" data-end=\"1669\" \/><h3 class=\"\" data-start=\"1671\" data-end=\"1696\"><strong data-start=\"1675\" data-end=\"1696\">5. Opbevaring af data<\/strong><\/h3><p class=\"\" data-start=\"1698\" data-end=\"1799\">Vi opbevarer kun dine personoplysninger, s\u00e5 l\u00e6nge det er n\u00f8dvendigt af juridiske, forretningsm\u00e6ssige og driftsm\u00e6ssige \u00e5rsager.<\/p><hr class=\"\" data-start=\"1801\" data-end=\"1804\" \/><h3 class=\"\" data-start=\"1806\" data-end=\"1828\"><strong data-start=\"1810\" data-end=\"1828\">6. Dine rettigheder<\/strong><\/h3><p class=\"\" data-start=\"1830\" data-end=\"1884\">Afh\u00e6ngigt af din placering kan du have ret til:<\/p><ul data-start=\"1886\" data-end=\"2008\"><li class=\"\" data-start=\"1886\" data-end=\"1922\"><p class=\"\" data-start=\"1888\" data-end=\"1922\">F\u00e5 adgang til de data, vi har om dig.<\/p><\/li><li class=\"\" data-start=\"1923\" data-end=\"1956\"><p class=\"\" data-start=\"1925\" data-end=\"1956\">Anmod om rettelse eller sletning.<\/p><\/li><li class=\"\" data-start=\"1957\" data-end=\"2008\"><p class=\"\" data-start=\"1959\" data-end=\"2008\">Tilbagekaldelse af samtykke til brug af data (hvor det er relevant).<\/p><\/li><\/ul><p class=\"\" data-start=\"2010\" data-end=\"2076\">For at frems\u00e6tte en s\u00e5dan anmodning, kontakt os venligst p\u00e5 support@igiptv.live.<\/p><hr class=\"\" data-start=\"2078\" data-end=\"2081\" \/><h3 class=\"\" data-start=\"2083\" data-end=\"2111\"><strong data-start=\"2087\" data-end=\"2111\">7. Links til tredjeparter<\/strong><\/h3><p class=\"\" data-start=\"2113\" data-end=\"2256\">Vores websted kan indeholde links til tredjepartswebsteder eller -apps. Vi er ikke ansvarlige for indholdet eller fortrolighedspraksis p\u00e5 disse websteder.<\/p><hr class=\"\" data-start=\"2258\" data-end=\"2261\" \/><h3 class=\"\" data-start=\"2263\" data-end=\"2292\"><strong data-start=\"2267\" data-end=\"2292\">8. B\u00f8rns privatliv<\/strong><\/h3><p class=\"\" data-start=\"2294\" data-end=\"2415\">Vores tjenester er\u00a0<strong data-start=\"2311\" data-end=\"2357\">ikke beregnet til brugere under 18 \u00e5r<\/strong>. Vi indsamler ikke bevidst personlige data fra b\u00f8rn.<\/p><hr class=\"\" data-start=\"2417\" data-end=\"2420\" \/><h3 class=\"\" data-start=\"2422\" data-end=\"2455\"><strong data-start=\"2426\" data-end=\"2455\">9. \u00c6ndringer af denne politik<\/strong><\/h3><p class=\"\" data-start=\"2457\" data-end=\"2580\">Vi kan til enhver tid opdatere denne privatlivspolitik. Eventuelle \u00e6ndringer vil blive offentliggjort p\u00e5 denne side med en opdateret \u201cSidst opdateret\u201d-dato.<\/p><hr class=\"\" data-start=\"2582\" data-end=\"2585\" \/><h3 class=\"\" data-start=\"2587\" data-end=\"2609\"><strong data-start=\"2591\" data-end=\"2609\">10. Kontakt os<\/strong><\/h3><p class=\"\" data-start=\"2611\" data-end=\"2696\">Hvis du har sp\u00f8rgsm\u00e5l eller bekymringer om denne privatlivspolitik, er du velkommen til at kontakte os:<\/p><p class=\"\" data-start=\"2698\" data-end=\"2756\"><strong data-start=\"2701\" data-end=\"2711\">E-mail:<\/strong>\u00a0support@igiptv.live<br data-start=\"2724\" data-end=\"2727\" \/><strong data-start=\"2730\" data-end=\"2742\">Hjemmeside:<\/strong> <a href=\"https:\/\/igiptv.live\/da\/\"><b><strong>IGIPTV.live<\/strong>\u00a0<\/b><\/a><\/p>\t\t\t\t\t\t\t\t<\/div>\n\t\t\t\t\t<\/div>\n\t\t\t\t<\/div>\n\t\t\t\t<\/div>","protected":false},"excerpt":{"rendered":"<p>Privacy Policy Welcome to IGIPTV\u00a0, We value your privacy and are committed to protecting your personal information. This Privacy Policy explains how we collect, use, and protect your data when you visit our website and use our services. 1. Information We Collect We may collect the following information: Personal Information: Name, email address, payment details [&hellip;]<\/p>\n","protected":false},"author":2,"featured_media":0,"parent":0,"menu_order":0,"comment_status":"closed","ping_status":"closed","template":"","meta":{"footnotes":""},"class_list":["post-738","page","type-page","status-publish","hentry"],"_links":{"self":[{"href":"https:\/\/igiptv.live\/da\/wp-json\/wp\/v2\/pages\/738","targetHints":{"allow":["GET"]}}],"collection":[{"href":"https:\/\/igiptv.live\/da\/wp-json\/wp\/v2\/pages"}],"about":[{"href":"https:\/\/igiptv.live\/da\/wp-json\/wp\/v2\/types\/page"}],"author":[{"embeddable":true,"href":"https:\/\/igiptv.live\/da\/wp-json\/wp\/v2\/users\/2"}],"replies":[{"embeddable":true,"href":"https:\/\/igiptv.live\/da\/wp-json\/wp\/v2\/comments?post=738"}],"version-history":[{"count":19,"href":"https:\/\/igiptv.live\/da\/wp-json\/wp\/v2\/pages\/738\/revisions"}],"predecessor-version":[{"id":1533,"href":"https:\/\/igiptv.live\/da\/wp-json\/wp\/v2\/pages\/738\/revisions\/1533"}],"wp:attachment":[{"href":"https:\/\/igiptv.live\/da\/wp-json\/wp\/v2\/media?parent=738"}],"curies":[{"name":"wp","href":"https:\/\/api.w.org\/{rel}","templated":true}]}}