{"id":733,"date":"2025-12-27T14:38:29","date_gmt":"2025-12-27T14:38:29","guid":{"rendered":"https:\/\/slateblue-salmon-923317.hostingersite.com\/?page_id=733"},"modified":"2026-01-20T23:06:15","modified_gmt":"2026-01-20T23:06:15","slug":"condiciones-del-servicio","status":"publish","type":"page","link":"https:\/\/igiptv.live\/es\/condiciones-del-servicio\/","title":{"rendered":"Condiciones de servicio"},"content":{"rendered":"<style>.elementor-733 .elementor-element.elementor-element-f422dcd{--display:flex;}.elementor-733 .elementor-element.elementor-element-fa83c82{text-align:center;margin:212px 0px calc(var(--kit-widget-spacing, 0px) + 0px) 0px;}.elementor-733 .elementor-element.elementor-element-1cd2bbd{--display:flex;}.elementor-733 .elementor-element.elementor-element-32d4a85{margin:45px 0px calc(var(--kit-widget-spacing, 0px) + 0px) 0px;}<\/style>\t\t<div data-elementor-type=\"wp-page\" data-elementor-id=\"733\" class=\"elementor elementor-733\">\n\t\t\t\t<div class=\"elementor-element elementor-element-f422dcd e-flex e-con-boxed e-con e-parent\" data-id=\"f422dcd\" data-element_type=\"container\" data-e-type=\"container\">\n\t\t\t\t\t<div class=\"e-con-inner\">\n\t\t\t\t<div class=\"elementor-element elementor-element-fa83c82 elementor-widget elementor-widget-heading\" data-id=\"fa83c82\" data-element_type=\"widget\" data-e-type=\"widget\" data-widget_type=\"heading.default\">\n\t\t\t\t\t<h2 class=\"elementor-heading-title elementor-size-default\">Condiciones de servicio<\/h2>\t\t\t\t<\/div>\n\t\t\t\t\t<\/div>\n\t\t\t\t<\/div>\n\t\t<div class=\"elementor-element elementor-element-1cd2bbd e-flex e-con-boxed e-con e-parent\" data-id=\"1cd2bbd\" data-element_type=\"container\" data-e-type=\"container\">\n\t\t\t\t\t<div class=\"e-con-inner\">\n\t\t\t\t<div class=\"elementor-element elementor-element-32d4a85 elementor-widget elementor-widget-text-editor\" data-id=\"32d4a85\" data-element_type=\"widget\" data-e-type=\"widget\" data-widget_type=\"text-editor.default\">\n\t\t\t\t\t\t\t\t\t<p><strong>IGIPTV <\/strong>Tienda <strong>En\u00a0<\/strong>ofrece reembolsos en Productos\/Servicios Digitales bajo ciertas condiciones. Sin embargo, le recomendamos encarecidamente que haga una prueba antes de comprar.<\/p><p><strong>IGIPTV <\/strong>Oferta de la tienda Reembolsos <b>S\u00d3LO\u00a0<\/b>en estas condiciones :<\/p><p><strong>Condiciones :<\/strong><\/p><ul><li>Reembolsaremos completamente s\u00f3lo la compra que se haya realizado en menos de 24 horas. Despu\u00e9s de 24 horas no se puede procesar ning\u00fan reembolso completo.<\/li><li>Todas las dem\u00e1s solicitudes de reembolso se devolver\u00e1n parcialmente de acuerdo con el periodo de suscripci\u00f3n utilizado SI se ha producido un problema por nuestra parte que no hayamos podido solucionar en 72 horas. <strong>IGIPTV<\/strong>\u00a0El equipo de asistencia se pondr\u00e1 en contacto con los usuarios en todos los casos de reembolso.<\/li><\/ul><div><p>No enviaremos reembolsos ni realizaremos reembolsos parciales si:<\/p><ul><li>Al cliente no le gust\u00f3 la programaci\u00f3n de los canales.<\/li><li>El cliente encontr\u00f3 otro servicio.<\/li><li>El cliente se niega a aplicar las soluciones que le proporcionamos si tiene alg\u00fan problema.<\/li><\/ul><p><b>\u00bfCu\u00e1nto tiempo se tarda en recibir el reembolso?<\/b><b><br \/><\/b><\/p><\/div><ul><li>Si ha pagado con tarjeta de cr\u00e9dito, los reembolsos suelen tramitarse y los fondos se devuelven a la tarjeta de d\u00e9bito en la cuenta bancaria del cliente en un plazo de 20 a 31 d\u00edas laborables.<\/li><li>Sin embargo, hay casos en los que un reembolso tarda m\u00e1s en procesarse, hasta 90 d\u00edas. No somos responsables de estos plazos y retrasos. No somos el proveedor de pagos, s\u00f3lo somos el proveedor del servicio IPTV.<\/li><li>Cada reembolso suele tardar entre 20 y 90 d\u00edas laborables en producirse y no est\u00e1 en nuestra mano reducir este periodo. Nuestros procesadores de pagos se encargar\u00e1n de las solicitudes de reembolso. Haremos todo lo posible para reembolsar a los usuarios inmediatamente despu\u00e9s de ver la solicitud y comprobar la informaci\u00f3n del usuario.<\/li><\/ul><p><strong>Si algunos canales se congelan, se quedan en b\u00fafer o no funcionan a veces:<\/strong><\/p><p>Aunque casi todos nuestros servidores son estables, a veces algunos canales se congelan o no funcionan debido a diversas razones, pero no es para siempre. Nuestros ingenieros expertos siempre est\u00e1n trabajando para solucionarlos.<\/p><p><strong>La mayor\u00eda de las veces, estos problemas son temporales y est\u00e1n causados por las siguientes razones:<\/strong><\/p><ul><li>Fluctuaciones de Internet de los clientes.<\/li><li>Problema con la caja\/aplicaciones\/configuraci\u00f3n del cliente en general.<\/li><li>Su ISP tiene problemas.<\/li><li>El canal no funciona desde el servidor.<\/li><li>El cliente ha cambiado de opini\u00f3n y quer\u00eda retirarse o cambiar de servidor.<\/li><li>Actualizaci\u00f3n\/reinicio del servidor desde nuestro extremo (rendimiento semanal necesario).<\/li><\/ul><p>En caso de que el usuario\/cliente no pueda ver su plan de suscripci\u00f3n IPTV durante m\u00e1s de 72 horas debido a un problema con el servidor o cualquier otro problema causado por nosotros o por nuestra parte, le reembolsaremos completamente el precio del paquete o a\u00f1adiremos todo el tiempo perdido a su suscripci\u00f3n de forma gratuita + alguna bonificaci\u00f3n extra que podamos negociar juntos.<\/p><p data-start=\"127\" data-end=\"144\"><strong data-start=\"127\" data-end=\"144\">Aviso legal:<\/strong><\/p><p data-start=\"127\" data-end=\"144\">No alojamos ni transmitimos ning\u00fan v\u00eddeo en este sitio web. Todos los contenidos, canales y streams de IPTV proporcionados est\u00e1n disponibles p\u00fablicamente en l\u00ednea y proceden de fuentes de terceros.<\/p><p data-start=\"334\" data-end=\"512\">No nos hacemos responsables del contenido, exactitud o legalidad de las fuentes externas. El usuario asume toda la responsabilidad por el uso de cualquier contenido al que acceda a trav\u00e9s de este servicio.<\/p><p data-start=\"519\" data-end=\"640\">Es su responsabilidad asegurarse de que cumple la legislaci\u00f3n local sobre servicios de IPTV y transmisi\u00f3n de contenidos.<\/p><p data-start=\"647\" data-end=\"763\">Si es usted propietario de un contenido y desea que lo retiremos, p\u00f3ngase en contacto con nosotros y le responderemos en consecuencia.<\/p><p><strong>P\u00f3ngase en contacto con nosotros:<\/strong> Si tiene alguna pregunta sobre nuestra pol\u00edtica de devoluciones y reembolsos, p\u00f3ngase en contacto con nosotros en <strong>support@IGIPTV.live<\/strong><\/p>\t\t\t\t\t\t\t\t<\/div>\n\t\t\t\t\t<\/div>\n\t\t\t\t<\/div>\n\t\t\t\t<\/div>","protected":false},"excerpt":{"rendered":"<p>Terms Of Service IGIPTV Store Does\u00a0offer refunds on Digital Products\/Services under certain conditions. However, we highly recommend that you get a trial\u00a0 before you make a purchase. IGIPTV Store offer Refunds ONLY\u00a0under these conditions : Conditions : We will refund completely only purchase which has been done in less than 24 hours. After 24 hours [&hellip;]<\/p>\n","protected":false},"author":2,"featured_media":0,"parent":0,"menu_order":0,"comment_status":"closed","ping_status":"closed","template":"","meta":{"footnotes":""},"class_list":["post-733","page","type-page","status-publish","hentry"],"_links":{"self":[{"href":"https:\/\/igiptv.live\/es\/wp-json\/wp\/v2\/pages\/733","targetHints":{"allow":["GET"]}}],"collection":[{"href":"https:\/\/igiptv.live\/es\/wp-json\/wp\/v2\/pages"}],"about":[{"href":"https:\/\/igiptv.live\/es\/wp-json\/wp\/v2\/types\/page"}],"author":[{"embeddable":true,"href":"https:\/\/igiptv.live\/es\/wp-json\/wp\/v2\/users\/2"}],"replies":[{"embeddable":true,"href":"https:\/\/igiptv.live\/es\/wp-json\/wp\/v2\/comments?post=733"}],"version-history":[{"count":10,"href":"https:\/\/igiptv.live\/es\/wp-json\/wp\/v2\/pages\/733\/revisions"}],"predecessor-version":[{"id":1052,"href":"https:\/\/igiptv.live\/es\/wp-json\/wp\/v2\/pages\/733\/revisions\/1052"}],"wp:attachment":[{"href":"https:\/\/igiptv.live\/es\/wp-json\/wp\/v2\/media?parent=733"}],"curies":[{"name":"wp","href":"https:\/\/api.w.org\/{rel}","templated":true}]}}