{"id":738,"date":"2025-12-27T14:41:59","date_gmt":"2025-12-27T14:41:59","guid":{"rendered":"https:\/\/slateblue-salmon-923317.hostingersite.com\/?page_id=738"},"modified":"2026-01-31T00:02:45","modified_gmt":"2026-01-31T00:02:45","slug":"politica-de-privacidad","status":"publish","type":"page","link":"https:\/\/igiptv.live\/es\/politica-de-privacidad\/","title":{"rendered":"Pol\u00edtica de privacidad"},"content":{"rendered":"<style>.elementor-738 .elementor-element.elementor-element-f422dcd{--display:flex;}.elementor-738 .elementor-element.elementor-element-fa83c82{text-align:center;margin:212px 0px calc(var(--kit-widget-spacing, 0px) + 0px) 0px;}.elementor-738 .elementor-element.elementor-element-1cd2bbd{--display:flex;}.elementor-738 .elementor-element.elementor-element-32d4a85{margin:45px 0px calc(var(--kit-widget-spacing, 0px) + 0px) 0px;}<\/style>\t\t<div data-elementor-type=\"wp-page\" data-elementor-id=\"738\" class=\"elementor elementor-738\">\n\t\t\t\t<div class=\"elementor-element elementor-element-f422dcd e-flex e-con-boxed e-con e-parent\" data-id=\"f422dcd\" data-element_type=\"container\" data-e-type=\"container\">\n\t\t\t\t\t<div class=\"e-con-inner\">\n\t\t\t\t<div class=\"elementor-element elementor-element-fa83c82 elementor-widget elementor-widget-heading\" data-id=\"fa83c82\" data-element_type=\"widget\" data-e-type=\"widget\" data-widget_type=\"heading.default\">\n\t\t\t\t\t<h2 class=\"elementor-heading-title elementor-size-default\">Pol\u00edtica de privacidad<\/h2>\t\t\t\t<\/div>\n\t\t\t\t\t<\/div>\n\t\t\t\t<\/div>\n\t\t<div class=\"elementor-element elementor-element-1cd2bbd e-flex e-con-boxed e-con e-parent\" data-id=\"1cd2bbd\" data-element_type=\"container\" data-e-type=\"container\">\n\t\t\t\t\t<div class=\"e-con-inner\">\n\t\t\t\t<div class=\"elementor-element elementor-element-32d4a85 elementor-widget elementor-widget-text-editor\" data-id=\"32d4a85\" data-element_type=\"widget\" data-e-type=\"widget\" data-widget_type=\"text-editor.default\">\n\t\t\t\t\t\t\t\t\t<p class=\"\" data-start=\"267\" data-end=\"505\">Bienvenido a <b><strong>IGIPTV<\/strong>\u00a0<\/b>, Valoramos su privacidad y nos comprometemos a proteger su informaci\u00f3n personal. Esta Pol\u00edtica de privacidad explica c\u00f3mo recopilamos, utilizamos y protegemos sus datos cuando visita nuestro sitio web y utiliza nuestros servicios.<\/p><hr class=\"\" data-start=\"507\" data-end=\"510\" \/><h3 class=\"\" data-start=\"512\" data-end=\"545\"><strong data-start=\"516\" data-end=\"545\">1. Informaci\u00f3n que recopilamos<\/strong><\/h3><p class=\"\" data-start=\"547\" data-end=\"588\">Podemos recopilar la siguiente informaci\u00f3n:<\/p><ul data-start=\"590\" data-end=\"842\"><li class=\"\" data-start=\"590\" data-end=\"691\"><p class=\"\" data-start=\"592\" data-end=\"691\"><strong data-start=\"592\" data-end=\"616\">Informaci\u00f3n personal<\/strong>: Nombre, direcci\u00f3n de correo electr\u00f3nico, datos de pago (a trav\u00e9s de procesadores seguros de terceros).<\/p><\/li><li class=\"\" data-start=\"692\" data-end=\"759\"><p class=\"\" data-start=\"694\" data-end=\"759\"><strong data-start=\"694\" data-end=\"712\">Datos t\u00e9cnicos<\/strong>: Direcci\u00f3n IP<\/p><\/li><li class=\"\" data-start=\"760\" data-end=\"842\"><p class=\"\" data-start=\"762\" data-end=\"842\"><strong data-start=\"762\" data-end=\"776\">Datos de uso<\/strong>: P\u00e1ginas visitadas, tiempo empleado, clics e interacciones en nuestro sitio.<\/p><\/li><\/ul><hr class=\"\" data-start=\"844\" data-end=\"847\" \/><h3 class=\"\" data-start=\"849\" data-end=\"887\"><strong data-start=\"853\" data-end=\"887\">2. C\u00f3mo utilizamos su informaci\u00f3n<\/strong><\/h3><p class=\"\" data-start=\"889\" data-end=\"909\">Utilizamos sus datos para:<\/p><ul data-start=\"911\" data-end=\"1109\"><li class=\"\" data-start=\"911\" data-end=\"951\"><p class=\"\" data-start=\"913\" data-end=\"951\">Proporcionar y gestionar suscripciones.<\/p><\/li><li class=\"\" data-start=\"952\" data-end=\"1020\"><p class=\"\" data-start=\"954\" data-end=\"1020\">Enviar correos electr\u00f3nicos relacionados con la cuenta (por ejemplo, informaci\u00f3n de inicio de sesi\u00f3n, facturas, asistencia).<\/p><\/li><li class=\"\" data-start=\"1021\" data-end=\"1064\"><p class=\"\" data-start=\"1023\" data-end=\"1064\">Mejorar nuestros servicios y la experiencia del sitio.<\/p><\/li><li class=\"\" data-start=\"1065\" data-end=\"1109\"><p class=\"\" data-start=\"1067\" data-end=\"1109\">Responder a las consultas y solicitudes de asistencia.<\/p><\/li><\/ul><p class=\"\" data-start=\"1111\" data-end=\"1207\">Nosotros\u00a0<strong data-start=\"1114\" data-end=\"1129\">no vender<\/strong>\u00a0o compartir su informaci\u00f3n personal con terceros con fines de marketing.<\/p><hr class=\"\" data-start=\"1209\" data-end=\"1212\" \/><h3 class=\"\" data-start=\"1214\" data-end=\"1243\"><strong data-start=\"1218\" data-end=\"1243\">3. Procesamiento de pagos<\/strong><\/h3><p class=\"\" data-start=\"1245\" data-end=\"1420\">Todos los pagos se procesan de forma segura a trav\u00e9s de proveedores externos de confianza (por ejemplo, PayPal, Stripe, Crypto services). Hacemos\u00a0<strong data-start=\"1362\" data-end=\"1404\">no almacenar datos de tarjetas de pago<\/strong>\u00a0en nuestros servidores.<\/p><hr class=\"\" data-start=\"1422\" data-end=\"1425\" \/><h3 class=\"\" data-start=\"1427\" data-end=\"1471\"><strong data-start=\"1431\" data-end=\"1471\">4. Cookies y tecnolog\u00edas de seguimiento<\/strong><\/h3><p class=\"\" data-start=\"1473\" data-end=\"1491\">Utilizamos cookies para:<\/p><ul data-start=\"1493\" data-end=\"1585\"><li class=\"\" data-start=\"1493\" data-end=\"1524\"><p class=\"\" data-start=\"1495\" data-end=\"1524\">Habilitar la funcionalidad del sitio web.<\/p><\/li><li class=\"\" data-start=\"1525\" data-end=\"1553\"><p class=\"\" data-start=\"1527\" data-end=\"1553\">Recuerda tus preferencias.<\/p><\/li><li class=\"\" data-start=\"1554\" data-end=\"1585\"><p class=\"\" data-start=\"1556\" data-end=\"1585\">Seguimiento y an\u00e1lisis del uso del sitio.<\/p><\/li><\/ul><p class=\"\" data-start=\"1587\" data-end=\"1664\">Puede controlar o desactivar las cookies a trav\u00e9s de la configuraci\u00f3n de su navegador en cualquier momento.<\/p><hr class=\"\" data-start=\"1666\" data-end=\"1669\" \/><h3 class=\"\" data-start=\"1671\" data-end=\"1696\"><strong data-start=\"1675\" data-end=\"1696\">5. 5. Conservaci\u00f3n de datos<\/strong><\/h3><p class=\"\" data-start=\"1698\" data-end=\"1799\">Conservamos sus datos personales s\u00f3lo el tiempo necesario para fines legales, comerciales y operativos.<\/p><hr class=\"\" data-start=\"1801\" data-end=\"1804\" \/><h3 class=\"\" data-start=\"1806\" data-end=\"1828\"><strong data-start=\"1810\" data-end=\"1828\">6. Sus derechos<\/strong><\/h3><p class=\"\" data-start=\"1830\" data-end=\"1884\">Dependiendo de su ubicaci\u00f3n, puede tener derecho a:<\/p><ul data-start=\"1886\" data-end=\"2008\"><li class=\"\" data-start=\"1886\" data-end=\"1922\"><p class=\"\" data-start=\"1888\" data-end=\"1922\">Acceder a los datos que tenemos sobre usted.<\/p><\/li><li class=\"\" data-start=\"1923\" data-end=\"1956\"><p class=\"\" data-start=\"1925\" data-end=\"1956\">Solicitar la rectificaci\u00f3n o supresi\u00f3n.<\/p><\/li><li class=\"\" data-start=\"1957\" data-end=\"2008\"><p class=\"\" data-start=\"1959\" data-end=\"2008\">Retirar el consentimiento para el uso de los datos (si procede).<\/p><\/li><\/ul><p class=\"\" data-start=\"2010\" data-end=\"2076\">Para realizar dicha solicitud, p\u00f3ngase en contacto con nosotros en support@igiptv.live.<\/p><hr class=\"\" data-start=\"2078\" data-end=\"2081\" \/><h3 class=\"\" data-start=\"2083\" data-end=\"2111\"><strong data-start=\"2087\" data-end=\"2111\">7. Enlaces de terceros<\/strong><\/h3><p class=\"\" data-start=\"2113\" data-end=\"2256\">Nuestro sitio puede contener enlaces a sitios web o aplicaciones de terceros. No somos responsables del contenido ni de las pr\u00e1cticas de privacidad de esos sitios web.<\/p><hr class=\"\" data-start=\"2258\" data-end=\"2261\" \/><h3 class=\"\" data-start=\"2263\" data-end=\"2292\"><strong data-start=\"2267\" data-end=\"2292\">8. Privacidad infantil<\/strong><\/h3><p class=\"\" data-start=\"2294\" data-end=\"2415\">Nuestros servicios son\u00a0<strong data-start=\"2311\" data-end=\"2357\">no destinado a usuarios menores de 18 a\u00f1os<\/strong>. No recopilamos conscientemente datos personales de ni\u00f1os.<\/p><hr class=\"\" data-start=\"2417\" data-end=\"2420\" \/><h3 class=\"\" data-start=\"2422\" data-end=\"2455\"><strong data-start=\"2426\" data-end=\"2455\">9. Cambios en esta pol\u00edtica<\/strong><\/h3><p class=\"\" data-start=\"2457\" data-end=\"2580\">Podemos actualizar esta Pol\u00edtica de Privacidad en cualquier momento. Cualquier cambio se publicar\u00e1 en esta p\u00e1gina con una fecha actualizada de \u201c\u00daltima actualizaci\u00f3n\u201d.<\/p><hr class=\"\" data-start=\"2582\" data-end=\"2585\" \/><h3 class=\"\" data-start=\"2587\" data-end=\"2609\"><strong data-start=\"2591\" data-end=\"2609\">10. Contacto<\/strong><\/h3><p class=\"\" data-start=\"2611\" data-end=\"2696\">Si tiene preguntas o dudas sobre esta Pol\u00edtica de privacidad, no dude en ponerse en contacto con nosotros:<\/p><p class=\"\" data-start=\"2698\" data-end=\"2756\"><strong data-start=\"2701\" data-end=\"2711\">Correo electr\u00f3nico:<\/strong>\u00a0support@igiptv.live<br data-start=\"2724\" data-end=\"2727\" \/><strong data-start=\"2730\" data-end=\"2742\">P\u00e1gina web:<\/strong> <a href=\"https:\/\/igiptv.live\/es\/\"><b><strong>IGIPTV.live<\/strong>\u00a0<\/b><\/a><\/p>\t\t\t\t\t\t\t\t<\/div>\n\t\t\t\t\t<\/div>\n\t\t\t\t<\/div>\n\t\t\t\t<\/div>","protected":false},"excerpt":{"rendered":"<p>Privacy Policy Welcome to IGIPTV\u00a0, We value your privacy and are committed to protecting your personal information. This Privacy Policy explains how we collect, use, and protect your data when you visit our website and use our services. 1. Information We Collect We may collect the following information: Personal Information: Name, email address, payment details [&hellip;]<\/p>\n","protected":false},"author":2,"featured_media":0,"parent":0,"menu_order":0,"comment_status":"closed","ping_status":"closed","template":"","meta":{"footnotes":""},"class_list":["post-738","page","type-page","status-publish","hentry"],"_links":{"self":[{"href":"https:\/\/igiptv.live\/es\/wp-json\/wp\/v2\/pages\/738","targetHints":{"allow":["GET"]}}],"collection":[{"href":"https:\/\/igiptv.live\/es\/wp-json\/wp\/v2\/pages"}],"about":[{"href":"https:\/\/igiptv.live\/es\/wp-json\/wp\/v2\/types\/page"}],"author":[{"embeddable":true,"href":"https:\/\/igiptv.live\/es\/wp-json\/wp\/v2\/users\/2"}],"replies":[{"embeddable":true,"href":"https:\/\/igiptv.live\/es\/wp-json\/wp\/v2\/comments?post=738"}],"version-history":[{"count":19,"href":"https:\/\/igiptv.live\/es\/wp-json\/wp\/v2\/pages\/738\/revisions"}],"predecessor-version":[{"id":1533,"href":"https:\/\/igiptv.live\/es\/wp-json\/wp\/v2\/pages\/738\/revisions\/1533"}],"wp:attachment":[{"href":"https:\/\/igiptv.live\/es\/wp-json\/wp\/v2\/media?parent=738"}],"curies":[{"name":"wp","href":"https:\/\/api.w.org\/{rel}","templated":true}]}}