{"id":733,"date":"2025-12-27T14:38:29","date_gmt":"2025-12-27T14:38:29","guid":{"rendered":"https:\/\/slateblue-salmon-923317.hostingersite.com\/?page_id=733"},"modified":"2026-01-20T23:06:15","modified_gmt":"2026-01-20T23:06:15","slug":"termos-de-servico","status":"publish","type":"page","link":"https:\/\/igiptv.live\/pt\/termos-de-servico\/","title":{"rendered":"Termos de servi\u00e7o"},"content":{"rendered":"<style>.elementor-733 .elementor-element.elementor-element-f422dcd{--display:flex;}.elementor-733 .elementor-element.elementor-element-fa83c82{text-align:center;margin:212px 0px calc(var(--kit-widget-spacing, 0px) + 0px) 0px;}.elementor-733 .elementor-element.elementor-element-1cd2bbd{--display:flex;}.elementor-733 .elementor-element.elementor-element-32d4a85{margin:45px 0px calc(var(--kit-widget-spacing, 0px) + 0px) 0px;}<\/style>\t\t<div data-elementor-type=\"wp-page\" data-elementor-id=\"733\" class=\"elementor elementor-733\">\n\t\t\t\t<div class=\"elementor-element elementor-element-f422dcd e-flex e-con-boxed e-con e-parent\" data-id=\"f422dcd\" data-element_type=\"container\" data-e-type=\"container\">\n\t\t\t\t\t<div class=\"e-con-inner\">\n\t\t\t\t<div class=\"elementor-element elementor-element-fa83c82 elementor-widget elementor-widget-heading\" data-id=\"fa83c82\" data-element_type=\"widget\" data-e-type=\"widget\" data-widget_type=\"heading.default\">\n\t\t\t\t\t<h2 class=\"elementor-heading-title elementor-size-default\">Termos de servi\u00e7o<\/h2>\t\t\t\t<\/div>\n\t\t\t\t\t<\/div>\n\t\t\t\t<\/div>\n\t\t<div class=\"elementor-element elementor-element-1cd2bbd e-flex e-con-boxed e-con e-parent\" data-id=\"1cd2bbd\" data-element_type=\"container\" data-e-type=\"container\">\n\t\t\t\t\t<div class=\"e-con-inner\">\n\t\t\t\t<div class=\"elementor-element elementor-element-32d4a85 elementor-widget elementor-widget-text-editor\" data-id=\"32d4a85\" data-element_type=\"widget\" data-e-type=\"widget\" data-widget_type=\"text-editor.default\">\n\t\t\t\t\t\t\t\t\t<p><strong>IGIPTV <\/strong>Loja <strong>Tem\u00a0<\/strong>oferecemos reembolsos de Produtos\/Servi\u00e7os digitais sob determinadas condi\u00e7\u00f5es. No entanto, recomendamos vivamente que fa\u00e7a um teste antes de efetuar uma compra.<\/p><p><strong>IGIPTV <\/strong>Reembolsos de ofertas da loja <b>APENAS\u00a0<\/b>nestas condi\u00e7\u00f5es :<\/p><p><strong>Condi\u00e7\u00f5es :<\/strong><\/p><ul><li>S\u00f3 reembolsaremos completamente as compras efectuadas em menos de 24 horas. Ap\u00f3s 24 horas, n\u00e3o ser\u00e1 poss\u00edvel efetuar o reembolso total.<\/li><li>Todos os outros pedidos de reembolso ser\u00e3o devolvidos parcialmente de acordo com o per\u00edodo utilizado da subscri\u00e7\u00e3o SE houver um problema da nossa parte que n\u00e3o tenha sido poss\u00edvel resolver em 72 horas. <strong>IGIPTV<\/strong>\u00a0a equipa de apoio contactar\u00e1 os utilizadores em todos os casos de reembolso.<\/li><\/ul><div><p>N\u00e3o enviaremos reembolsos nem efectuaremos reembolsos parciais se<\/p><ul><li>O cliente n\u00e3o gostou do alinhamento de canais.<\/li><li>O cliente encontrou outro servi\u00e7o.<\/li><li>O cliente recusa-se a aplicar as solu\u00e7\u00f5es que fornecemos se tiver algum problema.<\/li><\/ul><p><b>Quanto tempo \u00e9 necess\u00e1rio para obter o reembolso?<\/b><b><br \/><\/b><\/p><\/div><ul><li>Se pagou com cart\u00e3o de cr\u00e9dito, os reembolsos s\u00e3o geralmente processados e os fundos s\u00e3o devolvidos ao cart\u00e3o de d\u00e9bito na conta banc\u00e1ria do cliente no prazo de 20 a 31 dias \u00fateis.<\/li><li>No entanto, h\u00e1 casos em que o reembolso demora mais tempo a ser processado, podendo chegar aos 90 dias. N\u00e3o nos responsabilizamos por estes prazos e atrasos. N\u00e3o somos o fornecedor do pagamento, somos apenas o fornecedor do servi\u00e7o IPTV.<\/li><li>Cada reembolso demora normalmente entre 20 e 90 dias \u00fateis a ser efectuado e n\u00e3o est\u00e1 nas nossas m\u00e3os reduzir este per\u00edodo. Os nossos processadores de pagamento encarregar-se-\u00e3o dos pedidos de reembolso. Faremos o nosso melhor para reembolsar os utilizadores imediatamente ap\u00f3s ver o pedido e verificar as informa\u00e7\u00f5es do utilizador.<\/li><\/ul><p><strong>Se alguns canais estiverem a congelar, a ser armazenados em buffer ou n\u00e3o funcionarem por vezes:<\/strong><\/p><p>Embora quase todos os nossos servidores sejam est\u00e1veis, por vezes alguns canais congelam ou n\u00e3o funcionam devido a v\u00e1rias raz\u00f5es, mas n\u00e3o \u00e9 para sempre. Os nossos engenheiros especializados est\u00e3o sempre a trabalhar para os corrigir.<\/p><p><strong>Na maior parte das vezes, estes problemas s\u00e3o tempor\u00e1rios e causados por raz\u00f5es que n\u00e3o s\u00e3o as seguintes:<\/strong><\/p><ul><li>Flutua\u00e7\u00f5es da Internet dos clientes.<\/li><li>Problema com a caixa\/aplica\u00e7\u00f5es\/configura\u00e7\u00e3o do cliente em geral.<\/li><li>O seu ISP tem um problema.<\/li><li>O canal est\u00e1 em baixo no servidor.<\/li><li>O cliente mudou de ideias e quis retirar-se\/trocar de servidor.<\/li><li>Atualiza\u00e7\u00e3o\/rein\u00edcio do servidor da nossa parte (desempenho semanal necess\u00e1rio).<\/li><\/ul><p>No caso de o utilizador\/cliente n\u00e3o poder ver o seu plano de subscri\u00e7\u00e3o de IPTV durante mais de 72 horas devido a um problema no servidor ou a qualquer outro problema causado por n\u00f3s ou pela nossa parte, reembolsaremos completamente o pre\u00e7o do pacote ou adicionaremos todo o tempo perdido \u00e0 sua subscri\u00e7\u00e3o gratuitamente + algum b\u00f3nus extra que possamos negociar em conjunto.<\/p><p data-start=\"127\" data-end=\"144\"><strong data-start=\"127\" data-end=\"144\">Aviso legal:<\/strong><\/p><p data-start=\"127\" data-end=\"144\">N\u00e3o alojamos nem transmitimos quaisquer v\u00eddeos neste s\u00edtio Web. Todos os conte\u00fados, canais e fluxos de IPTV fornecidos est\u00e3o dispon\u00edveis publicamente online e s\u00e3o recolhidos a partir de fontes de terceiros.<\/p><p data-start=\"334\" data-end=\"512\">N\u00e3o somos respons\u00e1veis pelo conte\u00fado, exatid\u00e3o ou legalidade de fontes externas. O utilizador assume toda a responsabilidade pela utiliza\u00e7\u00e3o de qualquer conte\u00fado acedido atrav\u00e9s deste servi\u00e7o.<\/p><p data-start=\"519\" data-end=\"640\">\u00c9 da responsabilidade do utilizador garantir o cumprimento da legisla\u00e7\u00e3o local relativa aos servi\u00e7os de IPTV e \u00e0 transmiss\u00e3o de conte\u00fados.<\/p><p data-start=\"647\" data-end=\"763\">Se \u00e9 propriet\u00e1rio de conte\u00fados e pretende que os seus conte\u00fados sejam removidos, contacte-nos e responderemos em conformidade.<\/p><p><strong>Contactar-nos:<\/strong> Se tiver alguma d\u00favida sobre a nossa Pol\u00edtica de devolu\u00e7\u00f5es e reembolsos, contacte-nos atrav\u00e9s de <strong>support@IGIPTV.live<\/strong><\/p>\t\t\t\t\t\t\t\t<\/div>\n\t\t\t\t\t<\/div>\n\t\t\t\t<\/div>\n\t\t\t\t<\/div>","protected":false},"excerpt":{"rendered":"<p>Terms Of Service IGIPTV Store Does\u00a0offer refunds on Digital Products\/Services under certain conditions. However, we highly recommend that you get a trial\u00a0 before you make a purchase. IGIPTV Store offer Refunds ONLY\u00a0under these conditions : Conditions : We will refund completely only purchase which has been done in less than 24 hours. After 24 hours [&hellip;]<\/p>\n","protected":false},"author":2,"featured_media":0,"parent":0,"menu_order":0,"comment_status":"closed","ping_status":"closed","template":"","meta":{"footnotes":""},"class_list":["post-733","page","type-page","status-publish","hentry"],"_links":{"self":[{"href":"https:\/\/igiptv.live\/pt\/wp-json\/wp\/v2\/pages\/733","targetHints":{"allow":["GET"]}}],"collection":[{"href":"https:\/\/igiptv.live\/pt\/wp-json\/wp\/v2\/pages"}],"about":[{"href":"https:\/\/igiptv.live\/pt\/wp-json\/wp\/v2\/types\/page"}],"author":[{"embeddable":true,"href":"https:\/\/igiptv.live\/pt\/wp-json\/wp\/v2\/users\/2"}],"replies":[{"embeddable":true,"href":"https:\/\/igiptv.live\/pt\/wp-json\/wp\/v2\/comments?post=733"}],"version-history":[{"count":10,"href":"https:\/\/igiptv.live\/pt\/wp-json\/wp\/v2\/pages\/733\/revisions"}],"predecessor-version":[{"id":1052,"href":"https:\/\/igiptv.live\/pt\/wp-json\/wp\/v2\/pages\/733\/revisions\/1052"}],"wp:attachment":[{"href":"https:\/\/igiptv.live\/pt\/wp-json\/wp\/v2\/media?parent=733"}],"curies":[{"name":"wp","href":"https:\/\/api.w.org\/{rel}","templated":true}]}}