{"id":733,"date":"2025-12-27T14:38:29","date_gmt":"2025-12-27T14:38:29","guid":{"rendered":"https:\/\/slateblue-salmon-923317.hostingersite.com\/?page_id=733"},"modified":"2026-01-20T23:06:15","modified_gmt":"2026-01-20T23:06:15","slug":"villkor-for-tjansten","status":"publish","type":"page","link":"https:\/\/igiptv.live\/sv\/villkor-for-tjansten\/","title":{"rendered":"Villkor f\u00f6r tj\u00e4nsten"},"content":{"rendered":"<style>.elementor-733 .elementor-element.elementor-element-f422dcd{--display:flex;}.elementor-733 .elementor-element.elementor-element-fa83c82{text-align:center;margin:212px 0px calc(var(--kit-widget-spacing, 0px) + 0px) 0px;}.elementor-733 .elementor-element.elementor-element-1cd2bbd{--display:flex;}.elementor-733 .elementor-element.elementor-element-32d4a85{margin:45px 0px calc(var(--kit-widget-spacing, 0px) + 0px) 0px;}<\/style>\t\t<div data-elementor-type=\"wp-page\" data-elementor-id=\"733\" class=\"elementor elementor-733\">\n\t\t\t\t<div class=\"elementor-element elementor-element-f422dcd e-flex e-con-boxed e-con e-parent\" data-id=\"f422dcd\" data-element_type=\"container\" data-e-type=\"container\">\n\t\t\t\t\t<div class=\"e-con-inner\">\n\t\t\t\t<div class=\"elementor-element elementor-element-fa83c82 elementor-widget elementor-widget-heading\" data-id=\"fa83c82\" data-element_type=\"widget\" data-e-type=\"widget\" data-widget_type=\"heading.default\">\n\t\t\t\t\t<h2 class=\"elementor-heading-title elementor-size-default\">Villkor f\u00f6r tj\u00e4nsten<\/h2>\t\t\t\t<\/div>\n\t\t\t\t\t<\/div>\n\t\t\t\t<\/div>\n\t\t<div class=\"elementor-element elementor-element-1cd2bbd e-flex e-con-boxed e-con e-parent\" data-id=\"1cd2bbd\" data-element_type=\"container\" data-e-type=\"container\">\n\t\t\t\t\t<div class=\"e-con-inner\">\n\t\t\t\t<div class=\"elementor-element elementor-element-32d4a85 elementor-widget elementor-widget-text-editor\" data-id=\"32d4a85\" data-element_type=\"widget\" data-e-type=\"widget\" data-widget_type=\"text-editor.default\">\n\t\t\t\t\t\t\t\t\t<p><strong>IGIPTV <\/strong>Butik <strong>G\u00f6r\u00a0<\/strong>erbjuda \u00e5terbetalning av digitala produkter\/tj\u00e4nster under vissa f\u00f6ruts\u00e4ttningar. Vi rekommenderar dock starkt att du f\u00e5r en provperiod innan du g\u00f6r ett k\u00f6p.<\/p><p><strong>IGIPTV <\/strong>\u00c5terbetalning av butikserbjudande <b>ENBART\u00a0<\/b>under dessa f\u00f6rh\u00e5llanden :<\/p><p><strong>Villkor :<\/strong><\/p><ul><li>Vi \u00e5terbetalar endast k\u00f6p som har gjorts inom mindre \u00e4n 24 timmar. Efter 24 timmar kan ingen fullst\u00e4ndig \u00e5terbetalning behandlas.<\/li><li>Alla andra \u00e5terbetalningsbeg\u00e4randen kommer att \u00e5terbetalas delvis enligt den anv\u00e4nda perioden f\u00f6r prenumerationen OM det fanns ett problem fr\u00e5n v\u00e5r sida som vi inte kunde \u00e5tg\u00e4rda inom 72 timmar. <strong>IGIPTV<\/strong>\u00a0supportteam kommer att kontakta anv\u00e4ndare i alla \u00e5terbetalningsfall.<\/li><\/ul><div><p>Vi kommer inte att skicka \u00e5terbetalningar eller g\u00f6ra partiell \u00e5terbetalning om:<\/p><ul><li>Kunden gillade inte kanalutbudet.<\/li><li>Kunden hittade en annan tj\u00e4nst.<\/li><li>Kunden v\u00e4grar att till\u00e4mpa de l\u00f6sningar vi tillhandah\u00e5ller om han\/hon har n\u00e5got problem.<\/li><\/ul><p><b>Hur l\u00e5ng tid tar det att f\u00e5 \u00e5terbetalning?<\/b><b><br \/><\/b><\/p><\/div><ul><li>Om du betalade med kreditkort behandlas \u00e5terbetalningen i allm\u00e4nhet och pengarna \u00e5terf\u00f6rs till betalkortet p\u00e5 kundens bankkonto inom 20 till 31 arbetsdagar.<\/li><li>Det finns dock fall d\u00e4r det tar l\u00e4ngre tid att behandla en \u00e5terbetalning, upp till 90 dagar. Vi \u00e4r inte ansvariga f\u00f6r dessa tidsramar och f\u00f6rseningar. Vi \u00e4r inte betalningsleverant\u00f6ren, vi \u00e4r bara IPTV-tj\u00e4nsteleverant\u00f6ren.<\/li><li>Varje \u00e5terbetalning tar vanligtvis 20 till 90 arbetsdagar att genomf\u00f6ra och det ligger inte i v\u00e5r makt att f\u00f6rkorta denna period. V\u00e5ra betalningsprocessorer tar hand om \u00e5terbetalningsf\u00f6rfr\u00e5gningar. Vi kommer att g\u00f6ra v\u00e5rt b\u00e4sta f\u00f6r att \u00e5terbetala alla anv\u00e4ndare omedelbart efter att ha sett beg\u00e4ran och kontrollerat anv\u00e4ndarinformationen.<\/li><\/ul><p><strong>Om vissa kanaler fryser, buffrar eller inte fungerar ibland:<\/strong><\/p><p>\u00c4ven om n\u00e4stan alla v\u00e5ra servrar \u00e4r stabila, fryser ibland vissa kanaler eller fungerar inte p\u00e5 grund av olika sk\u00e4l, men det \u00e4r inte permanent. V\u00e5ra expertingenj\u00f6rer arbetar alltid f\u00f6r att fixa dem.<\/p><p><strong>F\u00f6r det mesta \u00e4r dessa problem tillf\u00e4lliga och orsakas av nedanst\u00e5ende sk\u00e4l:<\/strong><\/p><ul><li>Fluktuationer i kundernas internet.<\/li><li>Problem med boxen\/apparna\/kundkonfigurationen i allm\u00e4nhet.<\/li><li>Din ISP har problem.<\/li><li>Kanalen \u00e4r nere fr\u00e5n serversidan.<\/li><li>Kunden \u00e5ngrar sig och vill g\u00f6ra ett uttag\/byta mellan servrar.<\/li><li>Serveruppdatering\/omstart fr\u00e5n v\u00e5r sida (veckovis prestanda kr\u00e4vs).<\/li><\/ul><p>Om anv\u00e4ndare \/ kund inte kan titta p\u00e5 sin IPTV-abonnemangsplan i 72 timmar + p\u00e5 grund av serverproblem eller andra problem som orsakas av oss eller v\u00e5r slut, kommer vi att \u00e5terbetala paketpriset helt eller l\u00e4gga till all f\u00f6rlorad tid ovanp\u00e5 ditt abonnemang gratis + n\u00e5gon extra bonus som vi kan f\u00f6rhandla fram tillsammans.<\/p><p data-start=\"127\" data-end=\"144\"><strong data-start=\"127\" data-end=\"144\">Juridiskt meddelande:<\/strong><\/p><p data-start=\"127\" data-end=\"144\">Vi \u00e4r inte v\u00e4rd f\u00f6r eller streamar n\u00e5gra videor p\u00e5 denna webbplats. Allt IPTV-inneh\u00e5ll, alla kanaler och alla str\u00f6mmar som tillhandah\u00e5lls \u00e4r allm\u00e4nt tillg\u00e4ngliga online och samlas in fr\u00e5n tredjepartsk\u00e4llor.<\/p><p data-start=\"334\" data-end=\"512\">Vi ansvarar inte f\u00f6r inneh\u00e5llet, riktigheten eller lagligheten i externa k\u00e4llor. Anv\u00e4ndaren tar p\u00e5 sig allt ansvar f\u00f6r anv\u00e4ndningen av allt inneh\u00e5ll som n\u00e5s via denna tj\u00e4nst.<\/p><p data-start=\"519\" data-end=\"640\">Det \u00e4r ditt ansvar att se till att du f\u00f6ljer lokala lagar g\u00e4llande IPTV-tj\u00e4nster och inneh\u00e5llsstreaming.<\/p><p data-start=\"647\" data-end=\"763\">Om du \u00e4r inneh\u00e5lls\u00e4gare och vill att ditt inneh\u00e5ll ska tas bort, v\u00e4nligen kontakta oss s\u00e5 svarar vi i enlighet med detta.<\/p><p><strong>Kontakta oss f\u00f6r mer information:<\/strong> Om du har n\u00e5gra fr\u00e5gor om v\u00e5r policy f\u00f6r returer och \u00e5terbetalningar, v\u00e4nligen kontakta oss p\u00e5 <strong>support@IGIPTV.live<\/strong><\/p>\t\t\t\t\t\t\t\t<\/div>\n\t\t\t\t\t<\/div>\n\t\t\t\t<\/div>\n\t\t\t\t<\/div>","protected":false},"excerpt":{"rendered":"<p>Terms Of Service IGIPTV Store Does\u00a0offer refunds on Digital Products\/Services under certain conditions. However, we highly recommend that you get a trial\u00a0 before you make a purchase. IGIPTV Store offer Refunds ONLY\u00a0under these conditions : Conditions : We will refund completely only purchase which has been done in less than 24 hours. After 24 hours [&hellip;]<\/p>\n","protected":false},"author":2,"featured_media":0,"parent":0,"menu_order":0,"comment_status":"closed","ping_status":"closed","template":"","meta":{"footnotes":""},"class_list":["post-733","page","type-page","status-publish","hentry"],"_links":{"self":[{"href":"https:\/\/igiptv.live\/sv\/wp-json\/wp\/v2\/pages\/733","targetHints":{"allow":["GET"]}}],"collection":[{"href":"https:\/\/igiptv.live\/sv\/wp-json\/wp\/v2\/pages"}],"about":[{"href":"https:\/\/igiptv.live\/sv\/wp-json\/wp\/v2\/types\/page"}],"author":[{"embeddable":true,"href":"https:\/\/igiptv.live\/sv\/wp-json\/wp\/v2\/users\/2"}],"replies":[{"embeddable":true,"href":"https:\/\/igiptv.live\/sv\/wp-json\/wp\/v2\/comments?post=733"}],"version-history":[{"count":10,"href":"https:\/\/igiptv.live\/sv\/wp-json\/wp\/v2\/pages\/733\/revisions"}],"predecessor-version":[{"id":1052,"href":"https:\/\/igiptv.live\/sv\/wp-json\/wp\/v2\/pages\/733\/revisions\/1052"}],"wp:attachment":[{"href":"https:\/\/igiptv.live\/sv\/wp-json\/wp\/v2\/media?parent=733"}],"curies":[{"name":"wp","href":"https:\/\/api.w.org\/{rel}","templated":true}]}}