{"id":738,"date":"2025-12-27T14:41:59","date_gmt":"2025-12-27T14:41:59","guid":{"rendered":"https:\/\/slateblue-salmon-923317.hostingersite.com\/?page_id=738"},"modified":"2026-01-31T00:02:45","modified_gmt":"2026-01-31T00:02:45","slug":"integritetspolicy","status":"publish","type":"page","link":"https:\/\/igiptv.live\/sv\/integritetspolicy\/","title":{"rendered":"Integritetspolicy"},"content":{"rendered":"<style>.elementor-738 .elementor-element.elementor-element-f422dcd{--display:flex;}.elementor-738 .elementor-element.elementor-element-fa83c82{text-align:center;margin:212px 0px calc(var(--kit-widget-spacing, 0px) + 0px) 0px;}.elementor-738 .elementor-element.elementor-element-1cd2bbd{--display:flex;}.elementor-738 .elementor-element.elementor-element-32d4a85{margin:45px 0px calc(var(--kit-widget-spacing, 0px) + 0px) 0px;}<\/style>\t\t<div data-elementor-type=\"wp-page\" data-elementor-id=\"738\" class=\"elementor elementor-738\">\n\t\t\t\t<div class=\"elementor-element elementor-element-f422dcd e-flex e-con-boxed e-con e-parent\" data-id=\"f422dcd\" data-element_type=\"container\" data-e-type=\"container\">\n\t\t\t\t\t<div class=\"e-con-inner\">\n\t\t\t\t<div class=\"elementor-element elementor-element-fa83c82 elementor-widget elementor-widget-heading\" data-id=\"fa83c82\" data-element_type=\"widget\" data-e-type=\"widget\" data-widget_type=\"heading.default\">\n\t\t\t\t\t<h2 class=\"elementor-heading-title elementor-size-default\">Integritetspolicy<\/h2>\t\t\t\t<\/div>\n\t\t\t\t\t<\/div>\n\t\t\t\t<\/div>\n\t\t<div class=\"elementor-element elementor-element-1cd2bbd e-flex e-con-boxed e-con e-parent\" data-id=\"1cd2bbd\" data-element_type=\"container\" data-e-type=\"container\">\n\t\t\t\t\t<div class=\"e-con-inner\">\n\t\t\t\t<div class=\"elementor-element elementor-element-32d4a85 elementor-widget elementor-widget-text-editor\" data-id=\"32d4a85\" data-element_type=\"widget\" data-e-type=\"widget\" data-widget_type=\"text-editor.default\">\n\t\t\t\t\t\t\t\t\t<p class=\"\" data-start=\"267\" data-end=\"505\">V\u00e4lkommen till <b><strong>IGIPTV<\/strong>\u00a0<\/b>, Vi v\u00e4rdes\u00e4tter din integritet och \u00e4r fast beslutna att skydda din personliga information. Denna integritetspolicy f\u00f6rklarar hur vi samlar in, anv\u00e4nder och skyddar dina uppgifter n\u00e4r du bes\u00f6ker v\u00e5r webbplats och anv\u00e4nder v\u00e5ra tj\u00e4nster.<\/p><hr class=\"\" data-start=\"507\" data-end=\"510\" \/><h3 class=\"\" data-start=\"512\" data-end=\"545\"><strong data-start=\"516\" data-end=\"545\">1. Information som vi samlar in<\/strong><\/h3><p class=\"\" data-start=\"547\" data-end=\"588\">Vi kan komma att samla in f\u00f6ljande information:<\/p><ul data-start=\"590\" data-end=\"842\"><li class=\"\" data-start=\"590\" data-end=\"691\"><p class=\"\" data-start=\"592\" data-end=\"691\"><strong data-start=\"592\" data-end=\"616\">Personlig information<\/strong>: Namn, e-postadress, betalningsuppgifter (via s\u00e4kra tredjepartsleverant\u00f6rer).<\/p><\/li><li class=\"\" data-start=\"692\" data-end=\"759\"><p class=\"\" data-start=\"694\" data-end=\"759\"><strong data-start=\"694\" data-end=\"712\">Tekniska data<\/strong>: IP-adress<\/p><\/li><li class=\"\" data-start=\"760\" data-end=\"842\"><p class=\"\" data-start=\"762\" data-end=\"842\"><strong data-start=\"762\" data-end=\"776\">Anv\u00e4ndningsdata<\/strong>: Bes\u00f6kta sidor, spenderad tid, klick och interaktioner p\u00e5 v\u00e5r webbplats.<\/p><\/li><\/ul><hr class=\"\" data-start=\"844\" data-end=\"847\" \/><h3 class=\"\" data-start=\"849\" data-end=\"887\"><strong data-start=\"853\" data-end=\"887\">2. Hur vi anv\u00e4nder din information<\/strong><\/h3><p class=\"\" data-start=\"889\" data-end=\"909\">Vi anv\u00e4nder dina uppgifter f\u00f6r att:<\/p><ul data-start=\"911\" data-end=\"1109\"><li class=\"\" data-start=\"911\" data-end=\"951\"><p class=\"\" data-start=\"913\" data-end=\"951\">Tillhandah\u00e5lla och hantera prenumerationer.<\/p><\/li><li class=\"\" data-start=\"952\" data-end=\"1020\"><p class=\"\" data-start=\"954\" data-end=\"1020\">Skicka kontorelaterade e-postmeddelanden (t.ex. inloggningsinformation, fakturor, support).<\/p><\/li><li class=\"\" data-start=\"1021\" data-end=\"1064\"><p class=\"\" data-start=\"1023\" data-end=\"1064\">F\u00f6rb\u00e4ttra v\u00e5ra tj\u00e4nster och upplevelsen av webbplatsen.<\/p><\/li><li class=\"\" data-start=\"1065\" data-end=\"1109\"><p class=\"\" data-start=\"1067\" data-end=\"1109\">Svara p\u00e5 f\u00f6rfr\u00e5gningar och supportf\u00f6rfr\u00e5gningar.<\/p><\/li><\/ul><p class=\"\" data-start=\"1111\" data-end=\"1207\">Vi\u00a0<strong data-start=\"1114\" data-end=\"1129\">inte s\u00e4lja<\/strong>\u00a0eller dela din personliga information med tredje part f\u00f6r marknadsf\u00f6rings\u00e4ndam\u00e5l.<\/p><hr class=\"\" data-start=\"1209\" data-end=\"1212\" \/><h3 class=\"\" data-start=\"1214\" data-end=\"1243\"><strong data-start=\"1218\" data-end=\"1243\">3. Hantering av betalningar<\/strong><\/h3><p class=\"\" data-start=\"1245\" data-end=\"1420\">Alla betalningar behandlas p\u00e5 ett s\u00e4kert s\u00e4tt via betrodda tredjepartsleverant\u00f6rer (t.ex. PayPal, Stripe, Crypto services). Vi g\u00f6r\u00a0<strong data-start=\"1362\" data-end=\"1404\">inte lagra n\u00e5gon betalkortsinformation<\/strong>\u00a0p\u00e5 v\u00e5ra servrar.<\/p><hr class=\"\" data-start=\"1422\" data-end=\"1425\" \/><h3 class=\"\" data-start=\"1427\" data-end=\"1471\"><strong data-start=\"1431\" data-end=\"1471\">4. Cookies och sp\u00e5rningsteknik<\/strong><\/h3><p class=\"\" data-start=\"1473\" data-end=\"1491\">Vi anv\u00e4nder cookies f\u00f6r att:<\/p><ul data-start=\"1493\" data-end=\"1585\"><li class=\"\" data-start=\"1493\" data-end=\"1524\"><p class=\"\" data-start=\"1495\" data-end=\"1524\">Aktivera webbplatsens funktionalitet.<\/p><\/li><li class=\"\" data-start=\"1525\" data-end=\"1553\"><p class=\"\" data-start=\"1527\" data-end=\"1553\">Kom ih\u00e5g dina preferenser.<\/p><\/li><li class=\"\" data-start=\"1554\" data-end=\"1585\"><p class=\"\" data-start=\"1556\" data-end=\"1585\">Sp\u00e5ra och analysera anv\u00e4ndningen av webbplatsen.<\/p><\/li><\/ul><p class=\"\" data-start=\"1587\" data-end=\"1664\">Du kan n\u00e4r som helst kontrollera eller inaktivera cookies via inst\u00e4llningarna i din webbl\u00e4sare.<\/p><hr class=\"\" data-start=\"1666\" data-end=\"1669\" \/><h3 class=\"\" data-start=\"1671\" data-end=\"1696\"><strong data-start=\"1675\" data-end=\"1696\">5. Bevarande av uppgifter<\/strong><\/h3><p class=\"\" data-start=\"1698\" data-end=\"1799\">Vi beh\u00e5ller dina personuppgifter endast s\u00e5 l\u00e4nge som det \u00e4r n\u00f6dv\u00e4ndigt f\u00f6r juridiska, aff\u00e4rsm\u00e4ssiga och operativa \u00e4ndam\u00e5l.<\/p><hr class=\"\" data-start=\"1801\" data-end=\"1804\" \/><h3 class=\"\" data-start=\"1806\" data-end=\"1828\"><strong data-start=\"1810\" data-end=\"1828\">6. Dina r\u00e4ttigheter<\/strong><\/h3><p class=\"\" data-start=\"1830\" data-end=\"1884\">Beroende p\u00e5 var du befinner dig kan du ha r\u00e4tt till:<\/p><ul data-start=\"1886\" data-end=\"2008\"><li class=\"\" data-start=\"1886\" data-end=\"1922\"><p class=\"\" data-start=\"1888\" data-end=\"1922\">F\u00e5 tillg\u00e5ng till de uppgifter vi har om dig.<\/p><\/li><li class=\"\" data-start=\"1923\" data-end=\"1956\"><p class=\"\" data-start=\"1925\" data-end=\"1956\">Beg\u00e4r r\u00e4ttelse eller radering.<\/p><\/li><li class=\"\" data-start=\"1957\" data-end=\"2008\"><p class=\"\" data-start=\"1959\" data-end=\"2008\">\u00c5terkalla samtycke till anv\u00e4ndning av data (i f\u00f6rekommande fall).<\/p><\/li><\/ul><p class=\"\" data-start=\"2010\" data-end=\"2076\">F\u00f6r att g\u00f6ra en s\u00e5dan beg\u00e4ran, v\u00e4nligen kontakta oss p\u00e5 support@igiptv.live.<\/p><hr class=\"\" data-start=\"2078\" data-end=\"2081\" \/><h3 class=\"\" data-start=\"2083\" data-end=\"2111\"><strong data-start=\"2087\" data-end=\"2111\">7. L\u00e4nkar till tredje part<\/strong><\/h3><p class=\"\" data-start=\"2113\" data-end=\"2256\">V\u00e5r webbplats kan inneh\u00e5lla l\u00e4nkar till webbplatser eller appar fr\u00e5n tredje part. Vi ansvarar inte f\u00f6r inneh\u00e5llet eller sekretesspraxis p\u00e5 dessa webbplatser.<\/p><hr class=\"\" data-start=\"2258\" data-end=\"2261\" \/><h3 class=\"\" data-start=\"2263\" data-end=\"2292\"><strong data-start=\"2267\" data-end=\"2292\">8. Barns integritet<\/strong><\/h3><p class=\"\" data-start=\"2294\" data-end=\"2415\">V\u00e5ra tj\u00e4nster \u00e4r\u00a0<strong data-start=\"2311\" data-end=\"2357\">inte avsedd f\u00f6r anv\u00e4ndare under 18 \u00e5r<\/strong>. Vi samlar inte medvetet in personuppgifter fr\u00e5n barn.<\/p><hr class=\"\" data-start=\"2417\" data-end=\"2420\" \/><h3 class=\"\" data-start=\"2422\" data-end=\"2455\"><strong data-start=\"2426\" data-end=\"2455\">9. \u00c4ndringar av denna policy<\/strong><\/h3><p class=\"\" data-start=\"2457\" data-end=\"2580\">Vi kan n\u00e4r som helst komma att uppdatera denna integritetspolicy. Eventuella \u00e4ndringar kommer att publiceras p\u00e5 denna sida med ett uppdaterat datum f\u00f6r \u201cSenast uppdaterad\u201d.<\/p><hr class=\"\" data-start=\"2582\" data-end=\"2585\" \/><h3 class=\"\" data-start=\"2587\" data-end=\"2609\"><strong data-start=\"2591\" data-end=\"2609\">10. Kontakta oss<\/strong><\/h3><p class=\"\" data-start=\"2611\" data-end=\"2696\">Om du har fr\u00e5gor eller funderingar kring denna integritetspolicy \u00e4r du v\u00e4lkommen att kontakta oss:<\/p><p class=\"\" data-start=\"2698\" data-end=\"2756\"><strong data-start=\"2701\" data-end=\"2711\">E-post:<\/strong>\u00a0support@igiptv.live<br data-start=\"2724\" data-end=\"2727\" \/><strong data-start=\"2730\" data-end=\"2742\">Hemsida:<\/strong> <a href=\"https:\/\/igiptv.live\/sv\/\"><b><strong>IGIPTV.live<\/strong>\u00a0<\/b><\/a><\/p>\t\t\t\t\t\t\t\t<\/div>\n\t\t\t\t\t<\/div>\n\t\t\t\t<\/div>\n\t\t\t\t<\/div>","protected":false},"excerpt":{"rendered":"<p>Privacy Policy Welcome to IGIPTV\u00a0, We value your privacy and are committed to protecting your personal information. This Privacy Policy explains how we collect, use, and protect your data when you visit our website and use our services. 1. Information We Collect We may collect the following information: Personal Information: Name, email address, payment details [&hellip;]<\/p>\n","protected":false},"author":2,"featured_media":0,"parent":0,"menu_order":0,"comment_status":"closed","ping_status":"closed","template":"","meta":{"footnotes":""},"class_list":["post-738","page","type-page","status-publish","hentry"],"_links":{"self":[{"href":"https:\/\/igiptv.live\/sv\/wp-json\/wp\/v2\/pages\/738","targetHints":{"allow":["GET"]}}],"collection":[{"href":"https:\/\/igiptv.live\/sv\/wp-json\/wp\/v2\/pages"}],"about":[{"href":"https:\/\/igiptv.live\/sv\/wp-json\/wp\/v2\/types\/page"}],"author":[{"embeddable":true,"href":"https:\/\/igiptv.live\/sv\/wp-json\/wp\/v2\/users\/2"}],"replies":[{"embeddable":true,"href":"https:\/\/igiptv.live\/sv\/wp-json\/wp\/v2\/comments?post=738"}],"version-history":[{"count":19,"href":"https:\/\/igiptv.live\/sv\/wp-json\/wp\/v2\/pages\/738\/revisions"}],"predecessor-version":[{"id":1533,"href":"https:\/\/igiptv.live\/sv\/wp-json\/wp\/v2\/pages\/738\/revisions\/1533"}],"wp:attachment":[{"href":"https:\/\/igiptv.live\/sv\/wp-json\/wp\/v2\/media?parent=738"}],"curies":[{"name":"wp","href":"https:\/\/api.w.org\/{rel}","templated":true}]}}